{"id":1355,"date":"2025-12-19T11:15:51","date_gmt":"2025-12-19T11:15:51","guid":{"rendered":"https:\/\/goldfishmedia.pl\/gurba\/contact-2\/"},"modified":"2026-01-16T16:23:37","modified_gmt":"2026-01-16T16:23:37","slug":"kontakt","status":"publish","type":"page","link":"https:\/\/goldfishmedia.pl\/gurba\/kontakt\/","title":{"rendered":"Kontakt"},"content":{"rendered":"\t\t<div data-elementor-type=\"wp-page\" data-elementor-id=\"1355\" class=\"elementor elementor-1355\" data-elementor-post-type=\"page\">\n\t\t\t\t<div class=\"elementor-element elementor-element-37e978a e-flex e-con-boxed e-con e-parent\" data-id=\"37e978a\" data-element_type=\"container\" data-settings=\"{&quot;background_background&quot;:&quot;classic&quot;}\">\n\t\t\t\t\t<div class=\"e-con-inner\">\n\t\t\t\t<div class=\"elementor-element elementor-element-e19b31f elementor-widget elementor-widget-heading\" data-id=\"e19b31f\" data-element_type=\"widget\" data-widget_type=\"heading.default\">\n\t\t\t\t<div class=\"elementor-widget-container\">\n\t\t\t\t\t<h1 class=\"elementor-heading-title elementor-size-default\">Ratownictwo techniczne<\/h1>\t\t\t\t<\/div>\n\t\t\t\t<\/div>\n\t\t\t\t\t<\/div>\n\t\t\t\t<\/div>\n\t\t<div class=\"elementor-element elementor-element-b08d9d8 e-flex e-con-boxed e-con e-parent\" data-id=\"b08d9d8\" data-element_type=\"container\" data-settings=\"{&quot;background_background&quot;:&quot;classic&quot;}\">\n\t\t\t\t\t<div class=\"e-con-inner\">\n\t\t<div class=\"elementor-element elementor-element-b3c7391 e-con-full e-flex e-con e-child\" data-id=\"b3c7391\" data-element_type=\"container\">\n\t\t\t\t<div class=\"elementor-element elementor-element-0b722ac elementor-vertical-align-top elementor-widget elementor-widget-image-box\" data-id=\"0b722ac\" data-element_type=\"widget\" data-widget_type=\"image-box.default\">\n\t\t\t\t<div class=\"elementor-widget-container\">\n\t\t\t\t\t<div class=\"elementor-image-box-wrapper\"><div class=\"elementor-image-box-content\"><h4 class=\"elementor-image-box-title\"><a href=\"tel:+48882082998\">+48 882 082 998<\/a><\/h4><p class=\"elementor-image-box-description\">Zadzwo\u0144 do nas!<\/p><\/div><\/div>\t\t\t\t<\/div>\n\t\t\t\t<\/div>\n\t\t\t\t<div class=\"elementor-element elementor-element-d49493b elementor-vertical-align-top elementor-widget elementor-widget-image-box\" data-id=\"d49493b\" data-element_type=\"widget\" data-widget_type=\"image-box.default\">\n\t\t\t\t<div class=\"elementor-widget-container\">\n\t\t\t\t\t<div class=\"elementor-image-box-wrapper\"><div class=\"elementor-image-box-content\"><h4 class=\"elementor-image-box-title\"> biuro@centrumpozarnictwa.pl<\/h4><p class=\"elementor-image-box-description\">Wy\u015blij e-mail<\/p><\/div><\/div>\t\t\t\t<\/div>\n\t\t\t\t<\/div>\n\t\t\t\t<div class=\"elementor-element elementor-element-bd2d1f7 elementor-vertical-align-top elementor-widget elementor-widget-image-box\" data-id=\"bd2d1f7\" data-element_type=\"widget\" data-widget_type=\"image-box.default\">\n\t\t\t\t<div class=\"elementor-widget-container\">\n\t\t\t\t\t<div class=\"elementor-image-box-wrapper\"><div class=\"elementor-image-box-content\"><h4 class=\"elementor-image-box-title\">Dane firmowe<\/h4><p class=\"elementor-image-box-description\">Centrum Po\u017carnictwa S.C.<\/br>\nul. Brodzi\u0144skiego 68<\/br>\n32-700 Bochnia<\/br>\nNIP: 868 199 33 53<\/br>\nREGON: 527497610<\/p><\/div><\/div>\t\t\t\t<\/div>\n\t\t\t\t<\/div>\n\t\t\t\t<div class=\"elementor-element elementor-element-a40b607 elementor-vertical-align-top elementor-widget elementor-widget-image-box\" data-id=\"a40b607\" data-element_type=\"widget\" data-widget_type=\"image-box.default\">\n\t\t\t\t<div class=\"elementor-widget-container\">\n\t\t\t\t\t<div class=\"elementor-image-box-wrapper\"><div class=\"elementor-image-box-content\"><h4 class=\"elementor-image-box-title\"><a href=\"https:\/\/www.facebook.com\/p\/Centrum-Po%C5%BCarnictwa-SC-61557354127877\">Centrum Po\u017carnictwa S.C.<\/a><\/h4><p class=\"elementor-image-box-description\">Obserwuj nas na Facebooku!<\/p><\/div><\/div>\t\t\t\t<\/div>\n\t\t\t\t<\/div>\n\t\t\t\t<\/div>\n\t\t<div class=\"elementor-element elementor-element-1eadd38 e-con-full e-flex e-con e-child\" data-id=\"1eadd38\" data-element_type=\"container\" data-settings=\"{&quot;background_background&quot;:&quot;classic&quot;}\">\n\t\t\t\t<div class=\"elementor-element elementor-element-e32535e elementor-widget elementor-widget-wpforms\" data-id=\"e32535e\" data-element_type=\"widget\" data-widget_type=\"wpforms.default\">\n\t\t\t\t<div class=\"elementor-widget-container\">\n\t\t\t\t\t<div class=\"wpforms-container \" id=\"wpforms-66\"><form id=\"wpforms-form-66\" class=\"wpforms-validate wpforms-form\" data-formid=\"66\" method=\"post\" enctype=\"multipart\/form-data\" action=\"\/gurba\/wp-json\/wp\/v2\/pages\/1355\" data-token=\"047cb30ea31b392968ef127d072ddfe0\" data-token-time=\"1776502968\"><noscript class=\"wpforms-error-noscript\">Aby wype\u0142ni\u0107 ten formularz, w\u0142\u0105cz obs\u0142ug\u0119 JavaScript w przegl\u0105darce.<\/noscript><div class=\"wpforms-field-container\"><div id=\"wpforms-66-field_4-container\" class=\"wpforms-field wpforms-field-text\" data-field-id=\"4\"><label class=\"wpforms-field-label wpforms-label-hide\" for=\"wpforms-66-field_4\">Imi\u0119 i nazwisko \/ Firma <span class=\"wpforms-required-label\">*<\/span><\/label><input type=\"text\" id=\"wpforms-66-field_4\" class=\"wpforms-field-large wpforms-field-required\" name=\"wpforms[fields][4]\" placeholder=\"Imi\u0119 i nazwisko \/ Firma\" required><\/div><div id=\"wpforms-66-field_5-container\" class=\"wpforms-field wpforms-field-number\" data-field-id=\"5\"><label class=\"wpforms-field-label wpforms-label-hide\" for=\"wpforms-66-field_5\">Numer telefonu <span class=\"wpforms-required-label\">*<\/span><\/label><input type=\"number\" id=\"wpforms-66-field_5\" class=\"wpforms-field-large wpforms-field-required\" name=\"wpforms[fields][5]\" placeholder=\"Numer telefonu\" step=\"any\" required><\/div><div id=\"wpforms-66-field_1-container\" class=\"wpforms-field wpforms-field-email\" data-field-id=\"1\"><label class=\"wpforms-field-label wpforms-label-hide\" for=\"wpforms-66-field_1\">E-mail <span class=\"wpforms-required-label\">*<\/span><\/label><input type=\"email\" id=\"wpforms-66-field_1\" class=\"wpforms-field-large wpforms-field-required\" name=\"wpforms[fields][1]\" placeholder=\"E-mail\" spellcheck=\"false\" required><\/div><div id=\"wpforms-66-field_2-container\" class=\"wpforms-field wpforms-field-textarea\" data-field-id=\"2\"><label class=\"wpforms-field-label wpforms-label-hide\" for=\"wpforms-66-field_2\">Tre\u015b\u0107 wiadomo\u015bci <span class=\"wpforms-required-label\">*<\/span><\/label><textarea id=\"wpforms-66-field_2\" class=\"wpforms-field-medium wpforms-field-required\" name=\"wpforms[fields][2]\" placeholder=\"Tre\u015b\u0107 wiadomo\u015bci\" required><\/textarea><\/div><div id=\"wpforms-66-field_6-container\" class=\"wpforms-field wpforms-field-checkbox\" data-field-id=\"6\"><label class=\"wpforms-field-label\">Polityka prywatno\u015bci:<\/label><ul id=\"wpforms-66-field_6\"><li class=\"choice-1 depth-1\"><input type=\"checkbox\" id=\"wpforms-66-field_6_1\" name=\"wpforms[fields][6][]\" value=\"Administratorem podanych przez Ciebie danych osobowych jest Centrum Po\u017carnictwa S.C. Twoje dane osobowe b\u0119d\u0105 przetwarzane w celu przes\u0142ania odpowiedzi na zadane w formularzu pytanie. Wi\u0119cej informacji na temat przetwarzania Twoich danych osobowych znajduje si\u0119 w  &lt;a href=&quot;https:\/\/goldfishmedia.pl\/gurba\/polityka-prywatnosci\/&quot;&gt; Polityce prywatno\u015bci.&lt;\/a&gt;\"  ><label class=\"wpforms-field-label-inline\" for=\"wpforms-66-field_6_1\">Administratorem podanych przez Ciebie danych osobowych jest Centrum Po\u017carnictwa S.C. Twoje dane osobowe b\u0119d\u0105 przetwarzane w celu przes\u0142ania odpowiedzi na zadane w formularzu pytanie. Wi\u0119cej informacji na temat przetwarzania Twoich danych osobowych znajduje si\u0119 w  <a href=\"https:\/\/goldfishmedia.pl\/gurba\/polityka-prywatnosci\/\"> Polityce prywatno\u015bci.<\/a><\/label><\/li><\/ul><\/div><\/div><!-- .wpforms-field-container --><div class=\"wpforms-submit-container\" ><input type=\"hidden\" name=\"wpforms[id]\" value=\"66\"><input type=\"hidden\" name=\"page_title\" value=\"\"><input type=\"hidden\" name=\"page_url\" value=\"https:\/\/goldfishmedia.pl\/gurba\/wp-json\/wp\/v2\/pages\/1355\"><input type=\"hidden\" name=\"url_referer\" value=\"\"><button type=\"submit\" name=\"wpforms[submit]\" id=\"wpforms-submit-66\" class=\"wpforms-submit\" data-alt-text=\"Wysy\u0142anie...\" data-submit-text=\"Wy\u015blij wiadomo\u015b\u0107\" aria-live=\"assertive\" value=\"wpforms-submit\">Wy\u015blij wiadomo\u015b\u0107<\/button><\/div><\/form><\/div>  <!-- .wpforms-container -->\t\t\t\t<\/div>\n\t\t\t\t<\/div>\n\t\t\t\t<\/div>\n\t\t\t\t\t<\/div>\n\t\t\t\t<\/div>\n\t\t<div class=\"elementor-element elementor-element-f9b298b e-con-full e-flex e-con e-parent\" data-id=\"f9b298b\" data-element_type=\"container\">\n\t\t\t\t<div class=\"elementor-element elementor-element-5e7ef2b elementor-widget elementor-widget-google_maps\" data-id=\"5e7ef2b\" data-element_type=\"widget\" data-widget_type=\"google_maps.default\">\n\t\t\t\t<div class=\"elementor-widget-container\">\n\t\t\t\t\t\t\t<div class=\"elementor-custom-embed\">\n\t\t\t<iframe loading=\"lazy\"\n\t\t\t\t\tsrc=\"https:\/\/maps.google.com\/maps?q=ul.%20Brodzi%C5%84skiego%2068%2C%2032-700%20Bochnia&#038;t=m&#038;z=10&#038;output=embed&#038;iwloc=near\"\n\t\t\t\t\ttitle=\"ul. Brodzi\u0144skiego 68, 32-700 Bochnia\"\n\t\t\t\t\taria-label=\"ul. Brodzi\u0144skiego 68, 32-700 Bochnia\"\n\t\t\t><\/iframe>\n\t\t<\/div>\n\t\t\t\t\t\t<\/div>\n\t\t\t\t<\/div>\n\t\t\t\t<\/div>\n\t\t\t\t<\/div>\n\t\t","protected":false},"excerpt":{"rendered":"<p>Ratownictwo techniczne +48 882 082 998 Zadzwo\u0144 do nas! biuro@centrumpozarnictwa.pl Wy\u015blij e-mail Dane firmowe Centrum Po\u017carnictwa S.C. ul. Brodzi\u0144skiego 68 32-700 Bochnia NIP: 868 199 33 53 REGON: 527497610 Centrum Po\u017carnictwa S.C. Obserwuj nas na Facebooku! Aby wype\u0142ni\u0107 ten formularz, w\u0142\u0105cz obs\u0142ug\u0119 JavaScript w przegl\u0105darce.Imi\u0119 i nazwisko \/ Firma *Numer telefonu *E-mail *Tre\u015b\u0107 wiadomo\u015bci *Polityka [&hellip;]<\/p>\n","protected":false},"author":1,"featured_media":0,"parent":0,"menu_order":8,"comment_status":"closed","ping_status":"closed","template":"","meta":{"site-sidebar-layout":"no-sidebar","site-content-layout":"page-builder","ast-site-content-layout":"full-width-container","site-content-style":"unboxed","site-sidebar-style":"unboxed","ast-global-header-display":"","ast-banner-title-visibility":"","ast-main-header-display":"","ast-hfb-above-header-display":"","ast-hfb-below-header-display":"","ast-hfb-mobile-header-display":"","site-post-title":"disabled","ast-breadcrumbs-content":"disabled","ast-featured-img":"disabled","footer-sml-layout":"","ast-disable-related-posts":"","theme-transparent-header-meta":"enabled","adv-header-id-meta":"","stick-header-meta":"","header-above-stick-meta":"","header-main-stick-meta":"","header-below-stick-meta":"","astra-migrate-meta-layouts":"set","ast-page-background-enabled":"default","ast-page-background-meta":{"desktop":{"background-color":"","background-image":"","background-repeat":"repeat","background-position":"center center","background-size":"auto","background-attachment":"scroll","background-type":"","background-media":"","overlay-type":"","overlay-color":"","overlay-opacity":"","overlay-gradient":""},"tablet":{"background-color":"","background-image":"","background-repeat":"repeat","background-position":"center center","background-size":"auto","background-attachment":"scroll","background-type":"","background-media":"","overlay-type":"","overlay-color":"","overlay-opacity":"","overlay-gradient":""},"mobile":{"background-color":"","background-image":"","background-repeat":"repeat","background-position":"center center","background-size":"auto","background-attachment":"scroll","background-type":"","background-media":"","overlay-type":"","overlay-color":"","overlay-opacity":"","overlay-gradient":""}},"ast-content-background-meta":{"desktop":{"background-color":"var(--ast-global-color-5)","background-image":"","background-repeat":"repeat","background-position":"center center","background-size":"auto","background-attachment":"scroll","background-type":"","background-media":"","overlay-type":"","overlay-color":"","overlay-opacity":"","overlay-gradient":""},"tablet":{"background-color":"var(--ast-global-color-5)","background-image":"","background-repeat":"repeat","background-position":"center center","background-size":"auto","background-attachment":"scroll","background-type":"","background-media":"","overlay-type":"","overlay-color":"","overlay-opacity":"","overlay-gradient":""},"mobile":{"background-color":"var(--ast-global-color-5)","background-image":"","background-repeat":"repeat","background-position":"center center","background-size":"auto","background-attachment":"scroll","background-type":"","background-media":"","overlay-type":"","overlay-color":"","overlay-opacity":"","overlay-gradient":""}},"footnotes":""},"class_list":["post-1355","page","type-page","status-publish","hentry"],"aioseo_notices":[],"_links":{"self":[{"href":"https:\/\/goldfishmedia.pl\/gurba\/wp-json\/wp\/v2\/pages\/1355","targetHints":{"allow":["GET"]}}],"collection":[{"href":"https:\/\/goldfishmedia.pl\/gurba\/wp-json\/wp\/v2\/pages"}],"about":[{"href":"https:\/\/goldfishmedia.pl\/gurba\/wp-json\/wp\/v2\/types\/page"}],"author":[{"embeddable":true,"href":"https:\/\/goldfishmedia.pl\/gurba\/wp-json\/wp\/v2\/users\/1"}],"replies":[{"embeddable":true,"href":"https:\/\/goldfishmedia.pl\/gurba\/wp-json\/wp\/v2\/comments?post=1355"}],"version-history":[{"count":17,"href":"https:\/\/goldfishmedia.pl\/gurba\/wp-json\/wp\/v2\/pages\/1355\/revisions"}],"predecessor-version":[{"id":2644,"href":"https:\/\/goldfishmedia.pl\/gurba\/wp-json\/wp\/v2\/pages\/1355\/revisions\/2644"}],"wp:attachment":[{"href":"https:\/\/goldfishmedia.pl\/gurba\/wp-json\/wp\/v2\/media?parent=1355"}],"curies":[{"name":"wp","href":"https:\/\/api.w.org\/{rel}","templated":true}]}}