{"id":1728,"date":"2026-01-14T07:07:39","date_gmt":"2026-01-14T07:07:39","guid":{"rendered":"https:\/\/goldfishmedia.pl\/gurba\/?page_id=1728"},"modified":"2026-01-16T15:56:24","modified_gmt":"2026-01-16T15:56:24","slug":"narzedzia-techniczne","status":"publish","type":"page","link":"https:\/\/goldfishmedia.pl\/gurba\/oferta\/sprzet-strazacki\/narzedzia-techniczne\/","title":{"rendered":"Narz\u0119dzia techniczne"},"content":{"rendered":"\t\t<div data-elementor-type=\"wp-page\" data-elementor-id=\"1728\" class=\"elementor elementor-1728\" data-elementor-post-type=\"page\">\n\t\t\t\t<div class=\"elementor-element elementor-element-6a6037a e-flex e-con-boxed e-con e-parent\" data-id=\"6a6037a\" data-element_type=\"container\" data-settings=\"{&quot;background_background&quot;:&quot;classic&quot;}\">\n\t\t\t\t\t<div class=\"e-con-inner\">\n\t\t\t\t<div class=\"elementor-element elementor-element-9221844 elementor-widget elementor-widget-heading\" data-id=\"9221844\" data-element_type=\"widget\" data-widget_type=\"heading.default\">\n\t\t\t\t<div class=\"elementor-widget-container\">\n\t\t\t\t\t<h1 class=\"elementor-heading-title elementor-size-default\">Narz\u0119dzia techniczne<\/h1>\t\t\t\t<\/div>\n\t\t\t\t<\/div>\n\t\t\t\t<div class=\"elementor-element elementor-element-bfe30e8 elementor-widget elementor-widget-heading\" data-id=\"bfe30e8\" data-element_type=\"widget\" data-widget_type=\"heading.default\">\n\t\t\t\t<div class=\"elementor-widget-container\">\n\t\t\t\t\t<h2 class=\"elementor-heading-title elementor-size-default\">(hydrauliczne, pi\u0142y, przecinarki)<\/h2>\t\t\t\t<\/div>\n\t\t\t\t<\/div>\n\t\t\t\t\t<\/div>\n\t\t\t\t<\/div>\n\t\t<div class=\"elementor-element elementor-element-091cea0 e-flex e-con-boxed e-con e-parent\" data-id=\"091cea0\" data-element_type=\"container\">\n\t\t\t\t\t<div class=\"e-con-inner\">\n\t\t<div class=\"elementor-element elementor-element-d1203a7 e-con-full e-flex e-con e-child\" data-id=\"d1203a7\" data-element_type=\"container\">\n\t\t\t\t<div class=\"elementor-element elementor-element-cf35122 elementor-widget elementor-widget-text-editor\" data-id=\"cf35122\" data-element_type=\"widget\" data-widget_type=\"text-editor.default\">\n\t\t\t\t<div class=\"elementor-widget-container\">\n\t\t\t\t\t\t\t\t\t<p data-start=\"221\" data-end=\"756\">Narz\u0119dzia techniczne s\u0105 kluczowym elementem wyposa\u017cenia jednostek stra\u017cy po\u017carnej oraz s\u0142u\u017cb ratowniczych, szczeg\u00f3lnie podczas dzia\u0142a\u0144 zwi\u0105zanych z ratownictwem drogowym, technicznym i usuwaniem skutk\u00f3w katastrof. To sprz\u0119t, kt\u00f3ry musi dzia\u0142a\u0107 niezawodnie, zapewnia\u0107 du\u017c\u0105 si\u0142\u0119 robocz\u0105 i umo\u017cliwia\u0107 precyzyjne ci\u0119cie, podnoszenie lub rozginanie element\u00f3w pojazd\u00f3w i konstrukcji. W tej kategorii prezentujemy profesjonalne narz\u0119dzia hydrauliczne, pi\u0142y, przecinarki oraz urz\u0105dzenia dedykowane do pracy w trudnych i wymagaj\u0105cych warunkach.<\/p><p data-start=\"758\" data-end=\"1161\">Oferujemy szeroki wyb\u00f3r narz\u0119dzi hydraulicznych, takich jak rozpieracze, no\u017cyce, si\u0142owniki, pompy oraz kompletne zestawy ratownicze. Sprz\u0119t wyr\u00f3\u017cnia si\u0119 du\u017c\u0105 wytrzyma\u0142o\u015bci\u0105, wysok\u0105 si\u0142\u0105 nacisku i odporno\u015bci\u0105 na intensywn\u0105 eksploatacj\u0119. Dzi\u0119ki temu umo\u017cliwia szybkie uzyskanie dost\u0119pu do os\u00f3b poszkodowanych oraz sprawne usuwanie przeszk\u00f3d, co ma kluczowe znaczenie podczas akcji ratowniczych na drogach.<\/p><p data-start=\"1163\" data-end=\"1583\">W ofercie znajduj\u0105 si\u0119 r\u00f3wnie\u017c pi\u0142y spalinowe, pi\u0142y do betonu i stali, przecinarki oraz urz\u0105dzenia wielofunkcyjne, kt\u00f3re sprawdzaj\u0105 si\u0119 w dzia\u0142aniach ga\u015bniczych, technicznych i zabezpieczaj\u0105cych. Sprz\u0119t zosta\u0142 zaprojektowany z my\u015bl\u0105 o pracy w ekstremalnych warunkach \u2014 odporno\u015b\u0107 na kurz, wilgo\u0107, zmienne temperatury i trudny teren sprawia, \u017ce narz\u0119dzia gwarantuj\u0105 nie tylko skuteczno\u015b\u0107, ale i bezpiecze\u0144stwo u\u017cytkowania.<\/p><p data-start=\"1585\" data-end=\"1953\">Nasza oferta obejmuje tak\u017ce akcesoria, ostrza, prowadnice, oleje, paliwa oraz elementy u\u0142atwiaj\u0105ce serwisowanie urz\u0105dze\u0144. Wszystkie produkty pochodz\u0105 od renomowanych producent\u00f3w i spe\u0142niaj\u0105 normy wykorzystywane w ratownictwie. Wybieraj\u0105c narz\u0119dzia techniczne z tej kategorii, inwestujesz w niezawodny sprz\u0119t, kt\u00f3ry pozwala dzia\u0142a\u0107 szybko, skutecznie i bez kompromis\u00f3w.<\/p>\t\t\t\t\t\t\t\t<\/div>\n\t\t\t\t<\/div>\n\t\t\t\t<\/div>\n\t\t\t\t\t<\/div>\n\t\t\t\t<\/div>\n\t\t\t\t<\/div>\n\t\t","protected":false},"excerpt":{"rendered":"<p>Narz\u0119dzia techniczne (hydrauliczne, pi\u0142y, przecinarki) Narz\u0119dzia techniczne s\u0105 kluczowym elementem wyposa\u017cenia jednostek stra\u017cy po\u017carnej oraz s\u0142u\u017cb ratowniczych, szczeg\u00f3lnie podczas dzia\u0142a\u0144 zwi\u0105zanych z ratownictwem drogowym, technicznym i usuwaniem skutk\u00f3w katastrof. To sprz\u0119t, kt\u00f3ry musi dzia\u0142a\u0107 niezawodnie, zapewnia\u0107 du\u017c\u0105 si\u0142\u0119 robocz\u0105 i umo\u017cliwia\u0107 precyzyjne ci\u0119cie, podnoszenie lub rozginanie element\u00f3w pojazd\u00f3w i konstrukcji. W tej kategorii prezentujemy profesjonalne [&hellip;]<\/p>\n","protected":false},"author":1,"featured_media":0,"parent":1717,"menu_order":6,"comment_status":"closed","ping_status":"closed","template":"","meta":{"site-sidebar-layout":"no-sidebar","site-content-layout":"page-builder","ast-site-content-layout":"default","site-content-style":"default","site-sidebar-style":"default","ast-global-header-display":"","ast-banner-title-visibility":"","ast-main-header-display":"","ast-hfb-above-header-display":"","ast-hfb-below-header-display":"","ast-hfb-mobile-header-display":"","site-post-title":"disabled","ast-breadcrumbs-content":"disabled","ast-featured-img":"disabled","footer-sml-layout":"","ast-disable-related-posts":"","theme-transparent-header-meta":"enabled","adv-header-id-meta":"","stick-header-meta":"","header-above-stick-meta":"","header-main-stick-meta":"","header-below-stick-meta":"","astra-migrate-meta-layouts":"default","ast-page-background-enabled":"default","ast-page-background-meta":{"desktop":{"background-color":"","background-image":"","background-repeat":"repeat","background-position":"center center","background-size":"auto","background-attachment":"scroll","background-type":"","background-media":"","overlay-type":"","overlay-color":"","overlay-opacity":"","overlay-gradient":""},"tablet":{"background-color":"","background-image":"","background-repeat":"repeat","background-position":"center center","background-size":"auto","background-attachment":"scroll","background-type":"","background-media":"","overlay-type":"","overlay-color":"","overlay-opacity":"","overlay-gradient":""},"mobile":{"background-color":"","background-image":"","background-repeat":"repeat","background-position":"center center","background-size":"auto","background-attachment":"scroll","background-type":"","background-media":"","overlay-type":"","overlay-color":"","overlay-opacity":"","overlay-gradient":""}},"ast-content-background-meta":{"desktop":{"background-color":"var(--ast-global-color-5)","background-image":"","background-repeat":"repeat","background-position":"center center","background-size":"auto","background-attachment":"scroll","background-type":"","background-media":"","overlay-type":"","overlay-color":"","overlay-opacity":"","overlay-gradient":""},"tablet":{"background-color":"var(--ast-global-color-5)","background-image":"","background-repeat":"repeat","background-position":"center center","background-size":"auto","background-attachment":"scroll","background-type":"","background-media":"","overlay-type":"","overlay-color":"","overlay-opacity":"","overlay-gradient":""},"mobile":{"background-color":"var(--ast-global-color-5)","background-image":"","background-repeat":"repeat","background-position":"center center","background-size":"auto","background-attachment":"scroll","background-type":"","background-media":"","overlay-type":"","overlay-color":"","overlay-opacity":"","overlay-gradient":""}},"footnotes":""},"class_list":["post-1728","page","type-page","status-publish","hentry"],"aioseo_notices":[],"_links":{"self":[{"href":"https:\/\/goldfishmedia.pl\/gurba\/wp-json\/wp\/v2\/pages\/1728","targetHints":{"allow":["GET"]}}],"collection":[{"href":"https:\/\/goldfishmedia.pl\/gurba\/wp-json\/wp\/v2\/pages"}],"about":[{"href":"https:\/\/goldfishmedia.pl\/gurba\/wp-json\/wp\/v2\/types\/page"}],"author":[{"embeddable":true,"href":"https:\/\/goldfishmedia.pl\/gurba\/wp-json\/wp\/v2\/users\/1"}],"replies":[{"embeddable":true,"href":"https:\/\/goldfishmedia.pl\/gurba\/wp-json\/wp\/v2\/comments?post=1728"}],"version-history":[{"count":25,"href":"https:\/\/goldfishmedia.pl\/gurba\/wp-json\/wp\/v2\/pages\/1728\/revisions"}],"predecessor-version":[{"id":2600,"href":"https:\/\/goldfishmedia.pl\/gurba\/wp-json\/wp\/v2\/pages\/1728\/revisions\/2600"}],"up":[{"embeddable":true,"href":"https:\/\/goldfishmedia.pl\/gurba\/wp-json\/wp\/v2\/pages\/1717"}],"wp:attachment":[{"href":"https:\/\/goldfishmedia.pl\/gurba\/wp-json\/wp\/v2\/media?parent=1728"}],"curies":[{"name":"wp","href":"https:\/\/api.w.org\/{rel}","templated":true}]}}