{"id":1795,"date":"2026-01-14T07:21:05","date_gmt":"2026-01-14T07:21:05","guid":{"rendered":"https:\/\/goldfishmedia.pl\/gurba\/?page_id=1795"},"modified":"2026-01-22T15:11:16","modified_gmt":"2026-01-22T15:11:16","slug":"polecane","status":"publish","type":"page","link":"https:\/\/goldfishmedia.pl\/gurba\/oferta\/nowosci-promocje\/polecane\/","title":{"rendered":"Polecane"},"content":{"rendered":"\t\t<div data-elementor-type=\"wp-page\" data-elementor-id=\"1795\" class=\"elementor elementor-1795\" data-elementor-post-type=\"page\">\n\t\t\t\t<div class=\"elementor-element elementor-element-b40b848 e-flex e-con-boxed e-con e-parent\" data-id=\"b40b848\" data-element_type=\"container\" data-settings=\"{&quot;background_background&quot;:&quot;classic&quot;}\">\n\t\t\t\t\t<div class=\"e-con-inner\">\n\t\t\t\t<div class=\"elementor-element elementor-element-cff177d elementor-widget elementor-widget-heading\" data-id=\"cff177d\" data-element_type=\"widget\" data-widget_type=\"heading.default\">\n\t\t\t\t<div class=\"elementor-widget-container\">\n\t\t\t\t\t<h1 class=\"elementor-heading-title elementor-size-default\">Polecane<\/h1>\t\t\t\t<\/div>\n\t\t\t\t<\/div>\n\t\t\t\t\t<\/div>\n\t\t\t\t<\/div>\n\t\t<div class=\"elementor-element elementor-element-db5fae4 e-flex e-con-boxed e-con e-parent\" data-id=\"db5fae4\" data-element_type=\"container\">\n\t\t\t\t\t<div class=\"e-con-inner\">\n\t\t<div class=\"elementor-element elementor-element-90c7092 e-con-full e-flex e-con e-child\" data-id=\"90c7092\" data-element_type=\"container\">\n\t\t\t\t<div class=\"elementor-element elementor-element-a922b3c elementor-widget elementor-widget-text-editor\" data-id=\"a922b3c\" data-element_type=\"widget\" data-widget_type=\"text-editor.default\">\n\t\t\t\t<div class=\"elementor-widget-container\">\n\t\t\t\t\t\t\t\t\t<p data-start=\"169\" data-end=\"757\">Kategoria <strong data-start=\"179\" data-end=\"191\">Polecane<\/strong> to zestaw starannie wybranych produkt\u00f3w, kt\u00f3re ciesz\u0105 si\u0119 najwi\u0119kszym zaufaniem stra\u017cak\u00f3w, ratownik\u00f3w i os\u00f3b zawodowo zwi\u0105zanych z po\u017carnictwem. To tu trafiaj\u0105 modele wyr\u00f3\u017cniaj\u0105ce si\u0119 wyj\u0105tkow\u0105 jako\u015bci\u0105, funkcjonalno\u015bci\u0105 oraz niezawodno\u015bci\u0105 potwierdzon\u0105 w realnych dzia\u0142aniach. Produkty polecane s\u0105 wybierane na podstawie opinii u\u017cytkownik\u00f3w, popularno\u015bci w\u015br\u00f3d jednostek PSP i OSP oraz ich praktycznego zastosowania podczas akcji ratowniczo-ga\u015bniczych. Dzi\u0119ki temu sekcja ta stanowi idealny przewodnik dla os\u00f3b, kt\u00f3re chc\u0105 kupi\u0107 sprz\u0119t sprawdzony i godny zaufania.<\/p><p data-start=\"759\" data-end=\"1317\">W kategorii Polecane znajdziesz szeroki wyb\u00f3r najlepszych rozwi\u0105za\u0144 \u2013 od odzie\u017cy ochronnej i obuwia specjalistycznego, przez armatur\u0119, o\u015bwietlenie i narz\u0119dzia techniczne, a\u017c po sprz\u0119t medyczny, \u0142\u0105czno\u015b\u0107 i wyposa\u017cenie dodatkowe. S\u0105 to produkty, kt\u00f3re wyr\u00f3\u017cniaj\u0105 si\u0119 trwa\u0142o\u015bci\u0105, komfortem u\u017cytkowania i zgodno\u015bci\u0105 z obowi\u0105zuj\u0105cymi normami bezpiecze\u0144stwa. To r\u00f3wnie\u017c sprz\u0119t cz\u0119sto wybierany przez profesjonalne jednostki i stosowany na co dzie\u0144 podczas r\u00f3\u017cnorodnych dzia\u0142a\u0144: gaszenia po\u017car\u00f3w, ratownictwa technicznego, dzia\u0142a\u0144 drogowych, wodnych czy medycznych.<\/p><p data-start=\"1319\" data-end=\"1797\">Sekcja Polecane to idealna propozycja dla os\u00f3b, kt\u00f3re nie chc\u0105 traci\u0107 czasu na por\u00f3wnywanie wielu modeli i wol\u0105 skorzysta\u0107 z gotowych, sprawdzonych rekomendacji. Produkty umieszczone w tej kategorii s\u0105 dobrym wyborem zar\u00f3wno dla do\u015bwiadczonych stra\u017cak\u00f3w, kt\u00f3rzy modernizuj\u0105 swoje wyposa\u017cenie, jak i dla nowych cz\u0142onk\u00f3w jednostek, kompletuj\u0105cych sprz\u0119t od podstaw. Ich wysoka jako\u015b\u0107 sprawia, \u017ce nadaj\u0105 si\u0119 zar\u00f3wno do dzia\u0142a\u0144 operacyjnych, jak i intensywnych szkole\u0144 oraz \u0107wicze\u0144.<\/p><p data-start=\"1799\" data-end=\"2166\">To tak\u017ce miejsce dla klient\u00f3w indywidualnych oraz sympatyk\u00f3w stra\u017cy po\u017carnej, kt\u00f3rzy chc\u0105 wybra\u0107 wyposa\u017cenie lub akcesoria uznane na rynku i warte swojej ceny. W kategorii Polecane dost\u0119pne s\u0105 produkty, kt\u00f3re wyr\u00f3\u017cniaj\u0105 si\u0119 wyj\u0105tkow\u0105 funkcjonalno\u015bci\u0105, trwa\u0142o\u015bci\u0105 oraz pozytywnymi opiniami u\u017cytkownik\u00f3w \u2013 dzi\u0119ki czemu stanowi\u0105 pewny zakup niezale\u017cnie od przeznaczenia.<\/p><p data-start=\"2168\" data-end=\"2457\">Wybieraj\u0105c produkty z sekcji Polecane, stawiasz na sprawdzone rozwi\u0105zania, kt\u00f3re zosta\u0142y wybrane nie przez przypadek, ale dzi\u0119ki swojej praktycznej warto\u015bci i wysokiej jako\u015bci. To najlepsza droga do zapewnienia sobie lub swojej jednostce wyposa\u017cenia, kt\u00f3re nie zawiedzie w \u017cadnej sytuacji.<\/p>\t\t\t\t\t\t\t\t<\/div>\n\t\t\t\t<\/div>\n\t\t\t\t<\/div>\n\t\t\t\t\t<\/div>\n\t\t\t\t<\/div>\n\t\t\t\t<\/div>\n\t\t","protected":false},"excerpt":{"rendered":"<p>Polecane Kategoria Polecane to zestaw starannie wybranych produkt\u00f3w, kt\u00f3re ciesz\u0105 si\u0119 najwi\u0119kszym zaufaniem stra\u017cak\u00f3w, ratownik\u00f3w i os\u00f3b zawodowo zwi\u0105zanych z po\u017carnictwem. To tu trafiaj\u0105 modele wyr\u00f3\u017cniaj\u0105ce si\u0119 wyj\u0105tkow\u0105 jako\u015bci\u0105, funkcjonalno\u015bci\u0105 oraz niezawodno\u015bci\u0105 potwierdzon\u0105 w realnych dzia\u0142aniach. Produkty polecane s\u0105 wybierane na podstawie opinii u\u017cytkownik\u00f3w, popularno\u015bci w\u015br\u00f3d jednostek PSP i OSP oraz ich praktycznego zastosowania podczas [&hellip;]<\/p>\n","protected":false},"author":1,"featured_media":0,"parent":1710,"menu_order":3,"comment_status":"closed","ping_status":"closed","template":"","meta":{"site-sidebar-layout":"no-sidebar","site-content-layout":"page-builder","ast-site-content-layout":"default","site-content-style":"default","site-sidebar-style":"default","ast-global-header-display":"","ast-banner-title-visibility":"","ast-main-header-display":"","ast-hfb-above-header-display":"","ast-hfb-below-header-display":"","ast-hfb-mobile-header-display":"","site-post-title":"disabled","ast-breadcrumbs-content":"disabled","ast-featured-img":"disabled","footer-sml-layout":"","ast-disable-related-posts":"","theme-transparent-header-meta":"enabled","adv-header-id-meta":"","stick-header-meta":"","header-above-stick-meta":"","header-main-stick-meta":"","header-below-stick-meta":"","astra-migrate-meta-layouts":"default","ast-page-background-enabled":"default","ast-page-background-meta":{"desktop":{"background-color":"","background-image":"","background-repeat":"repeat","background-position":"center center","background-size":"auto","background-attachment":"scroll","background-type":"","background-media":"","overlay-type":"","overlay-color":"","overlay-opacity":"","overlay-gradient":""},"tablet":{"background-color":"","background-image":"","background-repeat":"repeat","background-position":"center center","background-size":"auto","background-attachment":"scroll","background-type":"","background-media":"","overlay-type":"","overlay-color":"","overlay-opacity":"","overlay-gradient":""},"mobile":{"background-color":"","background-image":"","background-repeat":"repeat","background-position":"center center","background-size":"auto","background-attachment":"scroll","background-type":"","background-media":"","overlay-type":"","overlay-color":"","overlay-opacity":"","overlay-gradient":""}},"ast-content-background-meta":{"desktop":{"background-color":"var(--ast-global-color-5)","background-image":"","background-repeat":"repeat","background-position":"center center","background-size":"auto","background-attachment":"scroll","background-type":"","background-media":"","overlay-type":"","overlay-color":"","overlay-opacity":"","overlay-gradient":""},"tablet":{"background-color":"var(--ast-global-color-5)","background-image":"","background-repeat":"repeat","background-position":"center center","background-size":"auto","background-attachment":"scroll","background-type":"","background-media":"","overlay-type":"","overlay-color":"","overlay-opacity":"","overlay-gradient":""},"mobile":{"background-color":"var(--ast-global-color-5)","background-image":"","background-repeat":"repeat","background-position":"center center","background-size":"auto","background-attachment":"scroll","background-type":"","background-media":"","overlay-type":"","overlay-color":"","overlay-opacity":"","overlay-gradient":""}},"footnotes":""},"class_list":["post-1795","page","type-page","status-publish","hentry"],"aioseo_notices":[],"_links":{"self":[{"href":"https:\/\/goldfishmedia.pl\/gurba\/wp-json\/wp\/v2\/pages\/1795","targetHints":{"allow":["GET"]}}],"collection":[{"href":"https:\/\/goldfishmedia.pl\/gurba\/wp-json\/wp\/v2\/pages"}],"about":[{"href":"https:\/\/goldfishmedia.pl\/gurba\/wp-json\/wp\/v2\/types\/page"}],"author":[{"embeddable":true,"href":"https:\/\/goldfishmedia.pl\/gurba\/wp-json\/wp\/v2\/users\/1"}],"replies":[{"embeddable":true,"href":"https:\/\/goldfishmedia.pl\/gurba\/wp-json\/wp\/v2\/comments?post=1795"}],"version-history":[{"count":16,"href":"https:\/\/goldfishmedia.pl\/gurba\/wp-json\/wp\/v2\/pages\/1795\/revisions"}],"predecessor-version":[{"id":3174,"href":"https:\/\/goldfishmedia.pl\/gurba\/wp-json\/wp\/v2\/pages\/1795\/revisions\/3174"}],"up":[{"embeddable":true,"href":"https:\/\/goldfishmedia.pl\/gurba\/wp-json\/wp\/v2\/pages\/1710"}],"wp:attachment":[{"href":"https:\/\/goldfishmedia.pl\/gurba\/wp-json\/wp\/v2\/media?parent=1795"}],"curies":[{"name":"wp","href":"https:\/\/api.w.org\/{rel}","templated":true}]}}