{"id":1897,"date":"2026-01-15T14:48:50","date_gmt":"2026-01-15T14:48:50","guid":{"rendered":"https:\/\/goldfishmedia.pl\/gurba\/?page_id=1897"},"modified":"2026-01-22T19:12:25","modified_gmt":"2026-01-22T19:12:25","slug":"blog","status":"publish","type":"page","link":"https:\/\/goldfishmedia.pl\/gurba\/blog\/","title":{"rendered":"Blog"},"content":{"rendered":"\t\t<div data-elementor-type=\"wp-page\" data-elementor-id=\"1897\" class=\"elementor elementor-1897\" data-elementor-post-type=\"page\">\n\t\t\t\t<div class=\"elementor-element elementor-element-abe22a6 e-flex e-con-boxed e-con e-parent\" data-id=\"abe22a6\" data-element_type=\"container\" data-settings=\"{&quot;background_background&quot;:&quot;classic&quot;}\">\n\t\t\t\t\t<div class=\"e-con-inner\">\n\t\t\t\t<div class=\"elementor-element elementor-element-4bbe956 elementor-widget elementor-widget-heading\" data-id=\"4bbe956\" data-element_type=\"widget\" data-widget_type=\"heading.default\">\n\t\t\t\t<div class=\"elementor-widget-container\">\n\t\t\t\t\t<h1 class=\"elementor-heading-title elementor-size-default\">Blog<\/h1>\t\t\t\t<\/div>\n\t\t\t\t<\/div>\n\t\t\t\t\t<\/div>\n\t\t\t\t<\/div>\n\t\t<div class=\"elementor-element elementor-element-1bf2d0b e-flex e-con-boxed e-con e-parent\" data-id=\"1bf2d0b\" data-element_type=\"container\">\n\t\t\t\t\t<div class=\"e-con-inner\">\n\t\t<div class=\"elementor-element elementor-element-14010a0 e-con-full e-flex e-con e-child\" data-id=\"14010a0\" data-element_type=\"container\">\n\t\t\t\t<div class=\"elementor-element elementor-element-bd3daa0 elementor-grid-3 elementor-grid-tablet-2 elementor-grid-mobile-1 elementor-posts--thumbnail-top elementor-card-shadow-yes elementor-posts__hover-gradient elementor-widget elementor-widget-posts\" data-id=\"bd3daa0\" data-element_type=\"widget\" data-settings=\"{&quot;cards_columns&quot;:&quot;3&quot;,&quot;cards_columns_tablet&quot;:&quot;2&quot;,&quot;cards_columns_mobile&quot;:&quot;1&quot;,&quot;cards_row_gap&quot;:{&quot;unit&quot;:&quot;px&quot;,&quot;size&quot;:35,&quot;sizes&quot;:[]},&quot;cards_row_gap_tablet&quot;:{&quot;unit&quot;:&quot;px&quot;,&quot;size&quot;:&quot;&quot;,&quot;sizes&quot;:[]},&quot;cards_row_gap_mobile&quot;:{&quot;unit&quot;:&quot;px&quot;,&quot;size&quot;:&quot;&quot;,&quot;sizes&quot;:[]}}\" data-widget_type=\"posts.cards\">\n\t\t\t\t<div class=\"elementor-widget-container\">\n\t\t\t\t\t\t\t<div class=\"elementor-posts-container elementor-posts elementor-posts--skin-cards elementor-grid\" role=\"list\">\n\t\t\t\t<article class=\"elementor-post elementor-grid-item post-2983 post type-post status-publish format-standard has-post-thumbnail hentry category-uncategorized\" role=\"listitem\">\n\t\t\t<div class=\"elementor-post__card\">\n\t\t\t\t<a class=\"elementor-post__thumbnail__link\" href=\"https:\/\/goldfishmedia.pl\/gurba\/dlaczego-regularna-konserwacja-sprzetu-ratowniczego-chroni-zycie-5-najwazniejszych-powodow\/\" tabindex=\"-1\" ><div class=\"elementor-post__thumbnail\"><img fetchpriority=\"high\" decoding=\"async\" width=\"1536\" height=\"1024\" src=\"https:\/\/goldfishmedia.pl\/gurba\/wp-content\/uploads\/2026\/01\/ChatGPT-Image-20-sty-2026-07_54_57.png\" class=\"attachment-full size-full wp-image-2984\" alt=\"\" srcset=\"https:\/\/goldfishmedia.pl\/gurba\/wp-content\/uploads\/2026\/01\/ChatGPT-Image-20-sty-2026-07_54_57.png 1536w, https:\/\/goldfishmedia.pl\/gurba\/wp-content\/uploads\/2026\/01\/ChatGPT-Image-20-sty-2026-07_54_57-300x200.png 300w, https:\/\/goldfishmedia.pl\/gurba\/wp-content\/uploads\/2026\/01\/ChatGPT-Image-20-sty-2026-07_54_57-1024x683.png 1024w, https:\/\/goldfishmedia.pl\/gurba\/wp-content\/uploads\/2026\/01\/ChatGPT-Image-20-sty-2026-07_54_57-768x512.png 768w, https:\/\/goldfishmedia.pl\/gurba\/wp-content\/uploads\/2026\/01\/ChatGPT-Image-20-sty-2026-07_54_57-600x400.png 600w\" sizes=\"(max-width: 1536px) 100vw, 1536px\" \/><\/div><\/a>\n\t\t\t\t<div class=\"elementor-post__text\">\n\t\t\t\t<h3 class=\"elementor-post__title\">\n\t\t\t<a href=\"https:\/\/goldfishmedia.pl\/gurba\/dlaczego-regularna-konserwacja-sprzetu-ratowniczego-chroni-zycie-5-najwazniejszych-powodow\/\" >\n\t\t\t\tDlaczego regularna konserwacja sprz\u0119tu ratowniczego chroni \u017cycie? 5 najwa\u017cniejszych powod\u00f3w\t\t\t<\/a>\n\t\t<\/h3>\n\t\t\t\t<div class=\"elementor-post__excerpt\">\n\t\t\t<p>Sprz\u0119t ratowniczy u\u017cywany przez stra\u017cak\u00f3w codziennie pracuje w ekstremalnych warunkach \u2014 wysokiej temperaturze, kontakcie z wod\u0105, chemikaliami, b\u0142otem czy uszkodzeniami mechanicznymi. To sprawia, \u017ce jego<\/p>\n\t\t<\/div>\n\t\t\n\t\t<a class=\"elementor-post__read-more\" href=\"https:\/\/goldfishmedia.pl\/gurba\/dlaczego-regularna-konserwacja-sprzetu-ratowniczego-chroni-zycie-5-najwazniejszych-powodow\/\" aria-label=\"Read more about Dlaczego regularna konserwacja sprz\u0119tu ratowniczego chroni \u017cycie? 5 najwa\u017cniejszych powod\u00f3w\" tabindex=\"-1\" >\n\t\t\tCzytaj dalej \u00bb\t\t<\/a>\n\n\t\t\t\t<\/div>\n\t\t\t\t<div class=\"elementor-post__meta-data\">\n\t\t\t\t\t<span class=\"elementor-post-date\">\n\t\t\t20 stycznia, 2026\t\t<\/span>\n\t\t\t\t<\/div>\n\t\t\t\t\t<\/div>\n\t\t<\/article>\n\t\t\t\t<article class=\"elementor-post elementor-grid-item post-2978 post type-post status-publish format-standard has-post-thumbnail hentry category-uncategorized\" role=\"listitem\">\n\t\t\t<div class=\"elementor-post__card\">\n\t\t\t\t<a class=\"elementor-post__thumbnail__link\" href=\"https:\/\/goldfishmedia.pl\/gurba\/jak-przygotowac-jednostke-do-sezonu-wyjazdowego-przeglad-sprzetu-ktory-musi-byc-gotowy-na-akcje\/\" tabindex=\"-1\" ><div class=\"elementor-post__thumbnail\"><img decoding=\"async\" width=\"1536\" height=\"1024\" src=\"https:\/\/goldfishmedia.pl\/gurba\/wp-content\/uploads\/2026\/01\/ChatGPT-Image-20-sty-2026-07_50_28.png\" class=\"attachment-full size-full wp-image-2980\" alt=\"\" srcset=\"https:\/\/goldfishmedia.pl\/gurba\/wp-content\/uploads\/2026\/01\/ChatGPT-Image-20-sty-2026-07_50_28.png 1536w, https:\/\/goldfishmedia.pl\/gurba\/wp-content\/uploads\/2026\/01\/ChatGPT-Image-20-sty-2026-07_50_28-300x200.png 300w, https:\/\/goldfishmedia.pl\/gurba\/wp-content\/uploads\/2026\/01\/ChatGPT-Image-20-sty-2026-07_50_28-1024x683.png 1024w, https:\/\/goldfishmedia.pl\/gurba\/wp-content\/uploads\/2026\/01\/ChatGPT-Image-20-sty-2026-07_50_28-768x512.png 768w, https:\/\/goldfishmedia.pl\/gurba\/wp-content\/uploads\/2026\/01\/ChatGPT-Image-20-sty-2026-07_50_28-600x400.png 600w\" sizes=\"(max-width: 1536px) 100vw, 1536px\" \/><\/div><\/a>\n\t\t\t\t<div class=\"elementor-post__text\">\n\t\t\t\t<h3 class=\"elementor-post__title\">\n\t\t\t<a href=\"https:\/\/goldfishmedia.pl\/gurba\/jak-przygotowac-jednostke-do-sezonu-wyjazdowego-przeglad-sprzetu-ktory-musi-byc-gotowy-na-akcje\/\" >\n\t\t\t\tJak przygotowa\u0107 jednostk\u0119 do sezonu wyjazdowego? Przegl\u0105d sprz\u0119tu, kt\u00f3ry musi by\u0107 gotowy na akcj\u0119\t\t\t<\/a>\n\t\t<\/h3>\n\t\t\t\t<div class=\"elementor-post__excerpt\">\n\t\t\t<p>Ka\u017cdy sezon niesie ze sob\u0105 inne wyzwania dla jednostek stra\u017cy po\u017carnej. Wiosenna wichura, letnie po\u017cary traw, jesienne ulewy czy zimowe kolizje drogowe \u2013 wszystkie te<\/p>\n\t\t<\/div>\n\t\t\n\t\t<a class=\"elementor-post__read-more\" href=\"https:\/\/goldfishmedia.pl\/gurba\/jak-przygotowac-jednostke-do-sezonu-wyjazdowego-przeglad-sprzetu-ktory-musi-byc-gotowy-na-akcje\/\" aria-label=\"Read more about Jak przygotowa\u0107 jednostk\u0119 do sezonu wyjazdowego? Przegl\u0105d sprz\u0119tu, kt\u00f3ry musi by\u0107 gotowy na akcj\u0119\" tabindex=\"-1\" >\n\t\t\tCzytaj dalej \u00bb\t\t<\/a>\n\n\t\t\t\t<\/div>\n\t\t\t\t<div class=\"elementor-post__meta-data\">\n\t\t\t\t\t<span class=\"elementor-post-date\">\n\t\t\t20 stycznia, 2026\t\t<\/span>\n\t\t\t\t<\/div>\n\t\t\t\t\t<\/div>\n\t\t<\/article>\n\t\t\t\t<article class=\"elementor-post elementor-grid-item post-2952 post type-post status-publish format-standard has-post-thumbnail hentry category-uncategorized\" role=\"listitem\">\n\t\t\t<div class=\"elementor-post__card\">\n\t\t\t\t<a class=\"elementor-post__thumbnail__link\" href=\"https:\/\/goldfishmedia.pl\/gurba\/sprzet-ktory-robi-roznice-jak-wyposazenie-wplywa-na-skutecznosc-dzialan-ratowniczych\/\" tabindex=\"-1\" ><div class=\"elementor-post__thumbnail\"><img decoding=\"async\" width=\"1536\" height=\"1024\" src=\"https:\/\/goldfishmedia.pl\/gurba\/wp-content\/uploads\/2026\/01\/ChatGPT-Image-20-sty-2026-06_49_08.png\" class=\"attachment-full size-full wp-image-2954\" alt=\"\" srcset=\"https:\/\/goldfishmedia.pl\/gurba\/wp-content\/uploads\/2026\/01\/ChatGPT-Image-20-sty-2026-06_49_08.png 1536w, https:\/\/goldfishmedia.pl\/gurba\/wp-content\/uploads\/2026\/01\/ChatGPT-Image-20-sty-2026-06_49_08-300x200.png 300w, https:\/\/goldfishmedia.pl\/gurba\/wp-content\/uploads\/2026\/01\/ChatGPT-Image-20-sty-2026-06_49_08-1024x683.png 1024w, https:\/\/goldfishmedia.pl\/gurba\/wp-content\/uploads\/2026\/01\/ChatGPT-Image-20-sty-2026-06_49_08-768x512.png 768w, https:\/\/goldfishmedia.pl\/gurba\/wp-content\/uploads\/2026\/01\/ChatGPT-Image-20-sty-2026-06_49_08-600x400.png 600w\" sizes=\"(max-width: 1536px) 100vw, 1536px\" \/><\/div><\/a>\n\t\t\t\t<div class=\"elementor-post__text\">\n\t\t\t\t<h3 class=\"elementor-post__title\">\n\t\t\t<a href=\"https:\/\/goldfishmedia.pl\/gurba\/sprzet-ktory-robi-roznice-jak-wyposazenie-wplywa-na-skutecznosc-dzialan-ratowniczych\/\" >\n\t\t\t\tSprz\u0119t, kt\u00f3ry robi r\u00f3\u017cnic\u0119 \u2013 jak wyposa\u017cenie wp\u0142ywa na skuteczno\u015b\u0107 dzia\u0142a\u0144 ratowniczych\t\t\t<\/a>\n\t\t<\/h3>\n\t\t\t\t<div class=\"elementor-post__excerpt\">\n\t\t\t<p>Skuteczno\u015b\u0107 dzia\u0142a\u0144 ratowniczych nie zale\u017cy wy\u0142\u0105cznie od do\u015bwiadczenia i wyszkolenia stra\u017cak\u00f3w. Ogromn\u0105 rol\u0119 odgrywa r\u00f3wnie\u017c sprz\u0119t, kt\u00f3rym dysponuje jednostka. Odpowiednio dobrane wyposa\u017cenie pozwala dzia\u0142a\u0107 szybciej,<\/p>\n\t\t<\/div>\n\t\t\n\t\t<a class=\"elementor-post__read-more\" href=\"https:\/\/goldfishmedia.pl\/gurba\/sprzet-ktory-robi-roznice-jak-wyposazenie-wplywa-na-skutecznosc-dzialan-ratowniczych\/\" aria-label=\"Read more about Sprz\u0119t, kt\u00f3ry robi r\u00f3\u017cnic\u0119 \u2013 jak wyposa\u017cenie wp\u0142ywa na skuteczno\u015b\u0107 dzia\u0142a\u0144 ratowniczych\" tabindex=\"-1\" >\n\t\t\tCzytaj dalej \u00bb\t\t<\/a>\n\n\t\t\t\t<\/div>\n\t\t\t\t<div class=\"elementor-post__meta-data\">\n\t\t\t\t\t<span class=\"elementor-post-date\">\n\t\t\t20 stycznia, 2026\t\t<\/span>\n\t\t\t\t<\/div>\n\t\t\t\t\t<\/div>\n\t\t<\/article>\n\t\t\t\t<\/div>\n\t\t\n\t\t\t\t\t\t<\/div>\n\t\t\t\t<\/div>\n\t\t\t\t<\/div>\n\t\t\t\t\t<\/div>\n\t\t\t\t<\/div>\n\t\t\t\t<\/div>\n\t\t","protected":false},"excerpt":{"rendered":"<p>Blog<\/p>\n","protected":false},"author":1,"featured_media":0,"parent":0,"menu_order":8,"comment_status":"closed","ping_status":"closed","template":"","meta":{"site-sidebar-layout":"no-sidebar","site-content-layout":"page-builder","ast-site-content-layout":"full-width-container","site-content-style":"unboxed","site-sidebar-style":"unboxed","ast-global-header-display":"","ast-banner-title-visibility":"","ast-main-header-display":"","ast-hfb-above-header-display":"","ast-hfb-below-header-display":"","ast-hfb-mobile-header-display":"","site-post-title":"disabled","ast-breadcrumbs-content":"disabled","ast-featured-img":"disabled","footer-sml-layout":"","ast-disable-related-posts":"","theme-transparent-header-meta":"enabled","adv-header-id-meta":"","stick-header-meta":"","header-above-stick-meta":"","header-main-stick-meta":"","header-below-stick-meta":"","astra-migrate-meta-layouts":"set","ast-page-background-enabled":"default","ast-page-background-meta":{"desktop":{"background-color":"","background-image":"","background-repeat":"repeat","background-position":"center center","background-size":"auto","background-attachment":"scroll","background-type":"","background-media":"","overlay-type":"","overlay-color":"","overlay-opacity":"","overlay-gradient":""},"tablet":{"background-color":"","background-image":"","background-repeat":"repeat","background-position":"center center","background-size":"auto","background-attachment":"scroll","background-type":"","background-media":"","overlay-type":"","overlay-color":"","overlay-opacity":"","overlay-gradient":""},"mobile":{"background-color":"","background-image":"","background-repeat":"repeat","background-position":"center center","background-size":"auto","background-attachment":"scroll","background-type":"","background-media":"","overlay-type":"","overlay-color":"","overlay-opacity":"","overlay-gradient":""}},"ast-content-background-meta":{"desktop":{"background-color":"var(--ast-global-color-5)","background-image":"","background-repeat":"repeat","background-position":"center center","background-size":"auto","background-attachment":"scroll","background-type":"","background-media":"","overlay-type":"","overlay-color":"","overlay-opacity":"","overlay-gradient":""},"tablet":{"background-color":"var(--ast-global-color-5)","background-image":"","background-repeat":"repeat","background-position":"center center","background-size":"auto","background-attachment":"scroll","background-type":"","background-media":"","overlay-type":"","overlay-color":"","overlay-opacity":"","overlay-gradient":""},"mobile":{"background-color":"var(--ast-global-color-5)","background-image":"","background-repeat":"repeat","background-position":"center center","background-size":"auto","background-attachment":"scroll","background-type":"","background-media":"","overlay-type":"","overlay-color":"","overlay-opacity":"","overlay-gradient":""}},"footnotes":""},"class_list":["post-1897","page","type-page","status-publish","hentry"],"aioseo_notices":[],"_links":{"self":[{"href":"https:\/\/goldfishmedia.pl\/gurba\/wp-json\/wp\/v2\/pages\/1897","targetHints":{"allow":["GET"]}}],"collection":[{"href":"https:\/\/goldfishmedia.pl\/gurba\/wp-json\/wp\/v2\/pages"}],"about":[{"href":"https:\/\/goldfishmedia.pl\/gurba\/wp-json\/wp\/v2\/types\/page"}],"author":[{"embeddable":true,"href":"https:\/\/goldfishmedia.pl\/gurba\/wp-json\/wp\/v2\/users\/1"}],"replies":[{"embeddable":true,"href":"https:\/\/goldfishmedia.pl\/gurba\/wp-json\/wp\/v2\/comments?post=1897"}],"version-history":[{"count":11,"href":"https:\/\/goldfishmedia.pl\/gurba\/wp-json\/wp\/v2\/pages\/1897\/revisions"}],"predecessor-version":[{"id":3204,"href":"https:\/\/goldfishmedia.pl\/gurba\/wp-json\/wp\/v2\/pages\/1897\/revisions\/3204"}],"wp:attachment":[{"href":"https:\/\/goldfishmedia.pl\/gurba\/wp-json\/wp\/v2\/media?parent=1897"}],"curies":[{"name":"wp","href":"https:\/\/api.w.org\/{rel}","templated":true}]}}