{"id":533,"date":"2025-12-19T11:10:28","date_gmt":"2025-12-19T11:10:28","guid":{"rendered":"https:\/\/goldfishmedia.pl\/gurba\/about\/"},"modified":"2026-01-22T20:42:31","modified_gmt":"2026-01-22T20:42:31","slug":"o-firmie","status":"publish","type":"page","link":"https:\/\/goldfishmedia.pl\/gurba\/o-firmie\/","title":{"rendered":"O firmie"},"content":{"rendered":"\t\t<div data-elementor-type=\"wp-page\" data-elementor-id=\"533\" class=\"elementor elementor-533\" data-elementor-post-type=\"page\">\n\t\t\t\t<div class=\"elementor-element elementor-element-18a1e82 e-flex e-con-boxed e-con e-parent\" data-id=\"18a1e82\" data-element_type=\"container\" data-settings=\"{&quot;background_background&quot;:&quot;classic&quot;}\">\n\t\t\t\t\t<div class=\"e-con-inner\">\n\t\t\t\t<div class=\"elementor-element elementor-element-92f89a7 elementor-widget elementor-widget-heading\" data-id=\"92f89a7\" data-element_type=\"widget\" data-widget_type=\"heading.default\">\n\t\t\t\t<div class=\"elementor-widget-container\">\n\t\t\t\t\t<h1 class=\"elementor-heading-title elementor-size-default\">Centrum Po\u017carnictwa<\/h1>\t\t\t\t<\/div>\n\t\t\t\t<\/div>\n\t\t\t\t<div class=\"elementor-element elementor-element-56ecb7b elementor-widget elementor-widget-heading\" data-id=\"56ecb7b\" data-element_type=\"widget\" data-widget_type=\"heading.default\">\n\t\t\t\t<div class=\"elementor-widget-container\">\n\t\t\t\t\t<h5 class=\"elementor-heading-title elementor-size-default\">Sprz\u0119t stra\u017cacki, na kt\u00f3rym mo\u017cesz polega\u0107 \u2013 od ludzi, kt\u00f3rzy znaj\u0105 t\u0119 s\u0142u\u017cb\u0119 od podszewki<\/h5>\t\t\t\t<\/div>\n\t\t\t\t<\/div>\n\t\t\t\t\t<\/div>\n\t\t\t\t<\/div>\n\t\t<div class=\"elementor-element elementor-element-b0df50e e-flex e-con-boxed e-con e-parent\" data-id=\"b0df50e\" data-element_type=\"container\" id=\"intro\">\n\t\t\t\t\t<div class=\"e-con-inner\">\n\t\t<div class=\"elementor-element elementor-element-cec5333 e-con-full e-flex e-con e-child\" data-id=\"cec5333\" data-element_type=\"container\">\n\t\t\t\t<div class=\"elementor-element elementor-element-54c7025 elementor-widget elementor-widget-heading\" data-id=\"54c7025\" data-element_type=\"widget\" data-widget_type=\"heading.default\">\n\t\t\t\t<div class=\"elementor-widget-container\">\n\t\t\t\t\t<h2 class=\"elementor-heading-title elementor-size-default\">A Company with a  Commitment<\/h2>\t\t\t\t<\/div>\n\t\t\t\t<\/div>\n\t\t\t\t<div class=\"elementor-element elementor-element-85ecc63 elementor-widget-divider--view-line elementor-widget elementor-widget-divider\" data-id=\"85ecc63\" data-element_type=\"widget\" data-widget_type=\"divider.default\">\n\t\t\t\t<div class=\"elementor-widget-container\">\n\t\t\t\t\t\t\t<div class=\"elementor-divider\">\n\t\t\t<span class=\"elementor-divider-separator\">\n\t\t\t\t\t\t<\/span>\n\t\t<\/div>\n\t\t\t\t\t\t<\/div>\n\t\t\t\t<\/div>\n\t\t\t\t<div class=\"elementor-element elementor-element-7d3d275 elementor-widget elementor-widget-text-editor\" data-id=\"7d3d275\" data-element_type=\"widget\" data-widget_type=\"text-editor.default\">\n\t\t\t\t<div class=\"elementor-widget-container\">\n\t\t\t\t\t\t\t\t\t<p>Od lat dostarczamy profesjonalny sprz\u0119t, odzie\u017c i wyposa\u017cenie dla stra\u017cak\u00f3w PSP, OSP oraz s\u0142u\u017cb ratowniczych. \u0141\u0105czymy pasj\u0119, do\u015bwiadczenie i pe\u0142ne zrozumienie potrzeb os\u00f3b, kt\u00f3re ka\u017cdego dnia staj\u0105 do akcji. U nas znajdziesz wy\u0142\u0105cznie sprawdzone rozwi\u0105zania \u2014 takie, kt\u00f3re realnie podnosz\u0105 bezpiecze\u0144stwo i skuteczno\u015b\u0107 dzia\u0142a\u0144.<\/p>\t\t\t\t\t\t\t\t<\/div>\n\t\t\t\t<\/div>\n\t\t\t\t<\/div>\n\t\t\t\t\t<\/div>\n\t\t\t\t<\/div>\n\t\t<div class=\"elementor-element elementor-element-eeb50e6 e-flex e-con-boxed e-con e-parent\" data-id=\"eeb50e6\" data-element_type=\"container\">\n\t\t\t\t\t<div class=\"e-con-inner\">\n\t\t<div class=\"elementor-element elementor-element-7b53d4f e-con-full e-flex e-con e-child\" data-id=\"7b53d4f\" data-element_type=\"container\">\n\t\t<div class=\"elementor-element elementor-element-84d31e2 e-con-full e-flex e-con e-child\" data-id=\"84d31e2\" data-element_type=\"container\">\n\t\t<div class=\"elementor-element elementor-element-5255b35 e-con-full e-flex e-con e-child\" data-id=\"5255b35\" data-element_type=\"container\">\n\t\t\t\t<div class=\"elementor-element elementor-element-2fd873f elementor-widget elementor-widget-image\" data-id=\"2fd873f\" data-element_type=\"widget\" data-widget_type=\"image.default\">\n\t\t\t\t<div class=\"elementor-widget-container\">\n\t\t\t\t\t\t\t\t\t\t\t\t\t\t\t<img decoding=\"async\" src=\"https:\/\/goldfishmedia.pl\/gurba\/wp-content\/uploads\/2025\/12\/sports-wear-store-about-img-3.jpg\" title=\"\" alt=\"\" loading=\"lazy\" \/>\t\t\t\t\t\t\t\t\t\t\t\t\t\t\t<\/div>\n\t\t\t\t<\/div>\n\t\t\t\t<\/div>\n\t\t<div class=\"elementor-element elementor-element-2cf01aa e-con-full e-flex e-con e-child\" data-id=\"2cf01aa\" data-element_type=\"container\">\n\t\t\t\t<div class=\"elementor-element elementor-element-aa4f095 elementor-widget elementor-widget-heading\" data-id=\"aa4f095\" data-element_type=\"widget\" data-widget_type=\"heading.default\">\n\t\t\t\t<div class=\"elementor-widget-container\">\n\t\t\t\t\t<h6 class=\"elementor-heading-title elementor-size-default\">01.<\/h6>\t\t\t\t<\/div>\n\t\t\t\t<\/div>\n\t\t\t\t<div class=\"elementor-element elementor-element-5d7755b elementor-widget elementor-widget-heading\" data-id=\"5d7755b\" data-element_type=\"widget\" data-widget_type=\"heading.default\">\n\t\t\t\t<div class=\"elementor-widget-container\">\n\t\t\t\t\t<h3 class=\"elementor-heading-title elementor-size-default\">Innovation<\/h3>\t\t\t\t<\/div>\n\t\t\t\t<\/div>\n\t\t\t\t<div class=\"elementor-element elementor-element-8ed372f elementor-widget elementor-widget-text-editor\" data-id=\"8ed372f\" data-element_type=\"widget\" data-widget_type=\"text-editor.default\">\n\t\t\t\t<div class=\"elementor-widget-container\">\n\t\t\t\t\t\t\t\t\t<p>Eu, orci risus nunc velit in tempor duis tellus tortor cursus nec mi volutpat lobortis interdum accumsan, sociis mattis non cras tortor orci auctor scelerisque eget interdum tempor, at porttitor proin eu.<\/p>\t\t\t\t\t\t\t\t<\/div>\n\t\t\t\t<\/div>\n\t\t\t\t<\/div>\n\t\t\t\t<\/div>\n\t\t<div class=\"elementor-element elementor-element-4b7b1d3 e-con-full e-flex e-con e-child\" data-id=\"4b7b1d3\" data-element_type=\"container\">\n\t\t<div class=\"elementor-element elementor-element-0e34299 e-con-full e-flex e-con e-child\" data-id=\"0e34299\" data-element_type=\"container\">\n\t\t\t\t<div class=\"elementor-element elementor-element-0691a48 elementor-widget elementor-widget-heading\" data-id=\"0691a48\" data-element_type=\"widget\" data-widget_type=\"heading.default\">\n\t\t\t\t<div class=\"elementor-widget-container\">\n\t\t\t\t\t<h6 class=\"elementor-heading-title elementor-size-default\">02.<\/h6>\t\t\t\t<\/div>\n\t\t\t\t<\/div>\n\t\t\t\t<div class=\"elementor-element elementor-element-96cafb3 elementor-widget elementor-widget-heading\" data-id=\"96cafb3\" data-element_type=\"widget\" data-widget_type=\"heading.default\">\n\t\t\t\t<div class=\"elementor-widget-container\">\n\t\t\t\t\t<h3 class=\"elementor-heading-title elementor-size-default\">Reliable<\/h3>\t\t\t\t<\/div>\n\t\t\t\t<\/div>\n\t\t\t\t<div class=\"elementor-element elementor-element-ec6424f elementor-widget elementor-widget-text-editor\" data-id=\"ec6424f\" data-element_type=\"widget\" data-widget_type=\"text-editor.default\">\n\t\t\t\t<div class=\"elementor-widget-container\">\n\t\t\t\t\t\t\t\t\t<p>Tincidunt pretium porttitor tortor vitae nulla velit nunc morbi in porttitor vel integer amet molestie pellentesque dapibus tempus ullamcorper massa massa pellentesque tincidunt maecenas facilisis metus odio sit viverra ullamcorper sed.<\/p>\t\t\t\t\t\t\t\t<\/div>\n\t\t\t\t<\/div>\n\t\t\t\t<\/div>\n\t\t<div class=\"elementor-element elementor-element-e2594d3 e-con-full e-flex e-con e-child\" data-id=\"e2594d3\" data-element_type=\"container\">\n\t\t\t\t<div class=\"elementor-element elementor-element-35f9a07 elementor-widget elementor-widget-image\" data-id=\"35f9a07\" data-element_type=\"widget\" data-widget_type=\"image.default\">\n\t\t\t\t<div class=\"elementor-widget-container\">\n\t\t\t\t\t\t\t\t\t\t\t\t\t\t\t<img decoding=\"async\" src=\"https:\/\/goldfishmedia.pl\/gurba\/wp-content\/uploads\/2025\/12\/sports-wear-store-about-img-2.jpg\" title=\"\" alt=\"\" loading=\"lazy\" \/>\t\t\t\t\t\t\t\t\t\t\t\t\t\t\t<\/div>\n\t\t\t\t<\/div>\n\t\t\t\t<\/div>\n\t\t\t\t<\/div>\n\t\t<div class=\"elementor-element elementor-element-7686354 e-con-full e-flex e-con e-child\" data-id=\"7686354\" data-element_type=\"container\">\n\t\t<div class=\"elementor-element elementor-element-0bf4ea9 e-con-full e-flex e-con e-child\" data-id=\"0bf4ea9\" data-element_type=\"container\">\n\t\t\t\t<div class=\"elementor-element elementor-element-951d8bd elementor-widget elementor-widget-image\" data-id=\"951d8bd\" data-element_type=\"widget\" data-widget_type=\"image.default\">\n\t\t\t\t<div class=\"elementor-widget-container\">\n\t\t\t\t\t\t\t\t\t\t\t\t\t\t\t<img decoding=\"async\" src=\"https:\/\/goldfishmedia.pl\/gurba\/wp-content\/uploads\/2025\/12\/sports-wear-store-about-img-1.jpg\" title=\"\" alt=\"\" loading=\"lazy\" \/>\t\t\t\t\t\t\t\t\t\t\t\t\t\t\t<\/div>\n\t\t\t\t<\/div>\n\t\t\t\t<\/div>\n\t\t<div class=\"elementor-element elementor-element-77b82fd e-con-full e-flex e-con e-child\" data-id=\"77b82fd\" data-element_type=\"container\">\n\t\t\t\t<div class=\"elementor-element elementor-element-ab65e89 elementor-widget elementor-widget-heading\" data-id=\"ab65e89\" data-element_type=\"widget\" data-widget_type=\"heading.default\">\n\t\t\t\t<div class=\"elementor-widget-container\">\n\t\t\t\t\t<h6 class=\"elementor-heading-title elementor-size-default\">03.<\/h6>\t\t\t\t<\/div>\n\t\t\t\t<\/div>\n\t\t\t\t<div class=\"elementor-element elementor-element-7ca3694 elementor-widget elementor-widget-heading\" data-id=\"7ca3694\" data-element_type=\"widget\" data-widget_type=\"heading.default\">\n\t\t\t\t<div class=\"elementor-widget-container\">\n\t\t\t\t\t<h3 class=\"elementor-heading-title elementor-size-default\">Always Fresh<\/h3>\t\t\t\t<\/div>\n\t\t\t\t<\/div>\n\t\t\t\t<div class=\"elementor-element elementor-element-7dcaf15 elementor-widget elementor-widget-text-editor\" data-id=\"7dcaf15\" data-element_type=\"widget\" data-widget_type=\"text-editor.default\">\n\t\t\t\t<div class=\"elementor-widget-container\">\n\t\t\t\t\t\t\t\t\t<p>Enim adipiscing tortor mollis auctor ultrices scelerisque porttitor id vitae at nibh nibh nisi maecenas nam velit sapien, suspendisse nec auctor tellus sit adipiscing et, auctor ultricies quis risus nunc non ultrices.<\/p>\t\t\t\t\t\t\t\t<\/div>\n\t\t\t\t<\/div>\n\t\t\t\t<\/div>\n\t\t\t\t<\/div>\n\t\t<div class=\"elementor-element elementor-element-3f9a327 e-con-full e-flex e-con e-child\" data-id=\"3f9a327\" data-element_type=\"container\">\n\t\t<div class=\"elementor-element elementor-element-7365d66 e-con-full e-flex e-con e-child\" data-id=\"7365d66\" data-element_type=\"container\">\n\t\t\t\t<div class=\"elementor-element elementor-element-d572793 elementor-widget elementor-widget-heading\" data-id=\"d572793\" data-element_type=\"widget\" data-widget_type=\"heading.default\">\n\t\t\t\t<div class=\"elementor-widget-container\">\n\t\t\t\t\t<h6 class=\"elementor-heading-title elementor-size-default\">04.<\/h6>\t\t\t\t<\/div>\n\t\t\t\t<\/div>\n\t\t\t\t<div class=\"elementor-element elementor-element-696f279 elementor-widget elementor-widget-heading\" data-id=\"696f279\" data-element_type=\"widget\" data-widget_type=\"heading.default\">\n\t\t\t\t<div class=\"elementor-widget-container\">\n\t\t\t\t\t<h3 class=\"elementor-heading-title elementor-size-default\">Stylish<\/h3>\t\t\t\t<\/div>\n\t\t\t\t<\/div>\n\t\t\t\t<div class=\"elementor-element elementor-element-e0062ab elementor-widget elementor-widget-text-editor\" data-id=\"e0062ab\" data-element_type=\"widget\" data-widget_type=\"text-editor.default\">\n\t\t\t\t<div class=\"elementor-widget-container\">\n\t\t\t\t\t\t\t\t\t<p>Sit amet nisl, iaculis rhoncus volutpat eu tristique tellus feugiat ut lorem malesuada sed natoque faucibus nulla non interdum ornare ac id at at phasellus enim, id fringilla eget placerat nullam ornare.<\/p>\t\t\t\t\t\t\t\t<\/div>\n\t\t\t\t<\/div>\n\t\t\t\t<\/div>\n\t\t<div class=\"elementor-element elementor-element-439e579 e-con-full e-flex e-con e-child\" data-id=\"439e579\" data-element_type=\"container\">\n\t\t\t\t<div class=\"elementor-element elementor-element-98276e7 elementor-widget elementor-widget-image\" data-id=\"98276e7\" data-element_type=\"widget\" data-widget_type=\"image.default\">\n\t\t\t\t<div class=\"elementor-widget-container\">\n\t\t\t\t\t\t\t\t\t\t\t\t\t\t\t<img decoding=\"async\" src=\"https:\/\/goldfishmedia.pl\/gurba\/wp-content\/uploads\/2025\/12\/sports-wear-store-about-img-4.jpg\" title=\"\" alt=\"\" loading=\"lazy\" \/>\t\t\t\t\t\t\t\t\t\t\t\t\t\t\t<\/div>\n\t\t\t\t<\/div>\n\t\t\t\t<\/div>\n\t\t\t\t<\/div>\n\t\t\t\t<\/div>\n\t\t\t\t\t<\/div>\n\t\t\t\t<\/div>\n\t\t<div class=\"elementor-element elementor-element-7560c92 e-flex e-con-boxed e-con e-parent\" data-id=\"7560c92\" data-element_type=\"container\">\n\t\t\t\t\t<div class=\"e-con-inner\">\n\t\t<div class=\"elementor-element elementor-element-6d42658 e-con-full e-flex e-con e-child\" data-id=\"6d42658\" data-element_type=\"container\">\n\t\t\t\t<div class=\"elementor-element elementor-element-359acc5 elementor-widget elementor-widget-heading\" data-id=\"359acc5\" data-element_type=\"widget\" data-widget_type=\"heading.default\">\n\t\t\t\t<div class=\"elementor-widget-container\">\n\t\t\t\t\t<h2 class=\"elementor-heading-title elementor-size-default\">Management Board<\/h2>\t\t\t\t<\/div>\n\t\t\t\t<\/div>\n\t\t<div class=\"elementor-element elementor-element-c3d2773 e-con-full e-flex e-con e-child\" data-id=\"c3d2773\" data-element_type=\"container\">\n\t\t<div class=\"elementor-element elementor-element-bf1ece9 e-con-full e-flex e-con e-child\" data-id=\"bf1ece9\" data-element_type=\"container\">\n\t\t\t\t<div class=\"elementor-element elementor-element-f306591 elementor-widget elementor-widget-image\" data-id=\"f306591\" data-element_type=\"widget\" data-widget_type=\"image.default\">\n\t\t\t\t<div class=\"elementor-widget-container\">\n\t\t\t\t\t\t\t\t\t\t\t\t\t\t\t<img decoding=\"async\" src=\"https:\/\/goldfishmedia.pl\/gurba\/wp-content\/uploads\/2025\/12\/sports-wear-store-board-img-1.jpg\" title=\"\" alt=\"\" loading=\"lazy\" \/>\t\t\t\t\t\t\t\t\t\t\t\t\t\t\t<\/div>\n\t\t\t\t<\/div>\n\t\t\t\t<div class=\"elementor-element elementor-element-bbd645e elementor-widget elementor-widget-heading\" data-id=\"bbd645e\" data-element_type=\"widget\" data-widget_type=\"heading.default\">\n\t\t\t\t<div class=\"elementor-widget-container\">\n\t\t\t\t\t<h3 class=\"elementor-heading-title elementor-size-default\">J\u00fcrgen Klaus<\/h3>\t\t\t\t<\/div>\n\t\t\t\t<\/div>\n\t\t\t\t<div class=\"elementor-element elementor-element-c120771 elementor-widget elementor-widget-heading\" data-id=\"c120771\" data-element_type=\"widget\" data-widget_type=\"heading.default\">\n\t\t\t\t<div class=\"elementor-widget-container\">\n\t\t\t\t\t<h5 class=\"elementor-heading-title elementor-size-default\">Chief Executive Officer<\/h5>\t\t\t\t<\/div>\n\t\t\t\t<\/div>\n\t\t\t\t<\/div>\n\t\t<div class=\"elementor-element elementor-element-cd99576 e-con-full e-flex e-con e-child\" data-id=\"cd99576\" data-element_type=\"container\">\n\t\t\t\t<div class=\"elementor-element elementor-element-94299f3 elementor-widget elementor-widget-image\" data-id=\"94299f3\" data-element_type=\"widget\" data-widget_type=\"image.default\">\n\t\t\t\t<div class=\"elementor-widget-container\">\n\t\t\t\t\t\t\t\t\t\t\t\t\t\t\t<img decoding=\"async\" src=\"https:\/\/goldfishmedia.pl\/gurba\/wp-content\/uploads\/2025\/12\/sports-wear-store-board-img-3.jpg\" title=\"\" alt=\"\" loading=\"lazy\" \/>\t\t\t\t\t\t\t\t\t\t\t\t\t\t\t<\/div>\n\t\t\t\t<\/div>\n\t\t\t\t<div class=\"elementor-element elementor-element-561c9e1 elementor-widget elementor-widget-heading\" data-id=\"561c9e1\" data-element_type=\"widget\" data-widget_type=\"heading.default\">\n\t\t\t\t<div class=\"elementor-widget-container\">\n\t\t\t\t\t<h3 class=\"elementor-heading-title elementor-size-default\">Karl Walter<\/h3>\t\t\t\t<\/div>\n\t\t\t\t<\/div>\n\t\t\t\t<div class=\"elementor-element elementor-element-d5ab382 elementor-widget elementor-widget-heading\" data-id=\"d5ab382\" data-element_type=\"widget\" data-widget_type=\"heading.default\">\n\t\t\t\t<div class=\"elementor-widget-container\">\n\t\t\t\t\t<h5 class=\"elementor-heading-title elementor-size-default\">Chief Financial Officer<\/h5>\t\t\t\t<\/div>\n\t\t\t\t<\/div>\n\t\t\t\t<\/div>\n\t\t<div class=\"elementor-element elementor-element-684095d e-con-full e-flex e-con e-child\" data-id=\"684095d\" data-element_type=\"container\">\n\t\t\t\t<div class=\"elementor-element elementor-element-8fc74e6 elementor-widget elementor-widget-image\" data-id=\"8fc74e6\" data-element_type=\"widget\" data-widget_type=\"image.default\">\n\t\t\t\t<div class=\"elementor-widget-container\">\n\t\t\t\t\t\t\t\t\t\t\t\t\t\t\t\t<a href=\"#\">\n\t\t\t\t\t\t\t<img decoding=\"async\" src=\"https:\/\/goldfishmedia.pl\/gurba\/wp-content\/uploads\/2025\/12\/sports-wear-store-board-img-2.jpg\" title=\"\" alt=\"\" loading=\"lazy\" \/>\t\t\t\t\t\t\t\t<\/a>\n\t\t\t\t\t\t\t\t\t\t\t\t\t\t\t<\/div>\n\t\t\t\t<\/div>\n\t\t\t\t<div class=\"elementor-element elementor-element-e77f1a0 elementor-widget elementor-widget-heading\" data-id=\"e77f1a0\" data-element_type=\"widget\" data-widget_type=\"heading.default\">\n\t\t\t\t<div class=\"elementor-widget-container\">\n\t\t\t\t\t<h3 class=\"elementor-heading-title elementor-size-default\"><a href=\"http:\/\/Emilia%20Sofia\">Emilia Sofia<\/a><\/h3>\t\t\t\t<\/div>\n\t\t\t\t<\/div>\n\t\t\t\t<div class=\"elementor-element elementor-element-50ff4c7 elementor-widget elementor-widget-heading\" data-id=\"50ff4c7\" data-element_type=\"widget\" data-widget_type=\"heading.default\">\n\t\t\t\t<div class=\"elementor-widget-container\">\n\t\t\t\t\t<h5 class=\"elementor-heading-title elementor-size-default\">Chief Sourcing Officer<\/h5>\t\t\t\t<\/div>\n\t\t\t\t<\/div>\n\t\t\t\t<\/div>\n\t\t\t\t<\/div>\n\t\t\t\t<\/div>\n\t\t\t\t\t<\/div>\n\t\t\t\t<\/div>\n\t\t\t\t<\/div>\n\t\t","protected":false},"excerpt":{"rendered":"<p>Centrum Po\u017carnictwa Sprz\u0119t stra\u017cacki, na kt\u00f3rym mo\u017cesz polega\u0107 \u2013 od ludzi, kt\u00f3rzy znaj\u0105 t\u0119 s\u0142u\u017cb\u0119 od podszewki A Company with a Commitment Od lat dostarczamy profesjonalny sprz\u0119t, odzie\u017c i wyposa\u017cenie dla stra\u017cak\u00f3w PSP, OSP oraz s\u0142u\u017cb ratowniczych. \u0141\u0105czymy pasj\u0119, do\u015bwiadczenie i pe\u0142ne zrozumienie potrzeb os\u00f3b, kt\u00f3re ka\u017cdego dnia staj\u0105 do akcji. U nas znajdziesz wy\u0142\u0105cznie [&hellip;]<\/p>\n","protected":false},"author":1,"featured_media":0,"parent":0,"menu_order":2,"comment_status":"closed","ping_status":"closed","template":"","meta":{"site-sidebar-layout":"no-sidebar","site-content-layout":"page-builder","ast-site-content-layout":"default","site-content-style":"default","site-sidebar-style":"default","ast-global-header-display":"","ast-banner-title-visibility":"","ast-main-header-display":"","ast-hfb-above-header-display":"","ast-hfb-below-header-display":"","ast-hfb-mobile-header-display":"","site-post-title":"disabled","ast-breadcrumbs-content":"disabled","ast-featured-img":"disabled","footer-sml-layout":"","ast-disable-related-posts":"","theme-transparent-header-meta":"enabled","adv-header-id-meta":"","stick-header-meta":"","header-above-stick-meta":"","header-main-stick-meta":"","header-below-stick-meta":"","astra-migrate-meta-layouts":"default","ast-page-background-enabled":"default","ast-page-background-meta":{"desktop":{"background-color":"","background-image":"","background-repeat":"repeat","background-position":"center center","background-size":"auto","background-attachment":"scroll","background-type":"","background-media":"","overlay-type":"","overlay-color":"","overlay-opacity":"","overlay-gradient":""},"tablet":{"background-color":"","background-image":"","background-repeat":"repeat","background-position":"center center","background-size":"auto","background-attachment":"scroll","background-type":"","background-media":"","overlay-type":"","overlay-color":"","overlay-opacity":"","overlay-gradient":""},"mobile":{"background-color":"","background-image":"","background-repeat":"repeat","background-position":"center center","background-size":"auto","background-attachment":"scroll","background-type":"","background-media":"","overlay-type":"","overlay-color":"","overlay-opacity":"","overlay-gradient":""}},"ast-content-background-meta":{"desktop":{"background-color":"var(--ast-global-color-5)","background-image":"","background-repeat":"repeat","background-position":"center center","background-size":"auto","background-attachment":"scroll","background-type":"","background-media":"","overlay-type":"","overlay-color":"","overlay-opacity":"","overlay-gradient":""},"tablet":{"background-color":"var(--ast-global-color-5)","background-image":"","background-repeat":"repeat","background-position":"center center","background-size":"auto","background-attachment":"scroll","background-type":"","background-media":"","overlay-type":"","overlay-color":"","overlay-opacity":"","overlay-gradient":""},"mobile":{"background-color":"var(--ast-global-color-5)","background-image":"","background-repeat":"repeat","background-position":"center center","background-size":"auto","background-attachment":"scroll","background-type":"","background-media":"","overlay-type":"","overlay-color":"","overlay-opacity":"","overlay-gradient":""}},"footnotes":""},"class_list":["post-533","page","type-page","status-publish","hentry"],"aioseo_notices":[],"_links":{"self":[{"href":"https:\/\/goldfishmedia.pl\/gurba\/wp-json\/wp\/v2\/pages\/533","targetHints":{"allow":["GET"]}}],"collection":[{"href":"https:\/\/goldfishmedia.pl\/gurba\/wp-json\/wp\/v2\/pages"}],"about":[{"href":"https:\/\/goldfishmedia.pl\/gurba\/wp-json\/wp\/v2\/types\/page"}],"author":[{"embeddable":true,"href":"https:\/\/goldfishmedia.pl\/gurba\/wp-json\/wp\/v2\/users\/1"}],"replies":[{"embeddable":true,"href":"https:\/\/goldfishmedia.pl\/gurba\/wp-json\/wp\/v2\/comments?post=533"}],"version-history":[{"count":4,"href":"https:\/\/goldfishmedia.pl\/gurba\/wp-json\/wp\/v2\/pages\/533\/revisions"}],"predecessor-version":[{"id":3208,"href":"https:\/\/goldfishmedia.pl\/gurba\/wp-json\/wp\/v2\/pages\/533\/revisions\/3208"}],"wp:attachment":[{"href":"https:\/\/goldfishmedia.pl\/gurba\/wp-json\/wp\/v2\/media?parent=533"}],"curies":[{"name":"wp","href":"https:\/\/api.w.org\/{rel}","templated":true}]}}